{"id":63,"date":"2017-09-23T16:39:57","date_gmt":"2017-09-23T16:39:57","guid":{"rendered":"https:\/\/svdreamacademy.org\/?page_id=63"},"modified":"2017-11-09T18:45:17","modified_gmt":"2017-11-09T18:45:17","slug":"nosotros-somos-la-academia-de-suenos","status":"publish","type":"page","link":"https:\/\/svdreamacademy.org\/es\/nosotros-somos-la-academia-de-suenos\/","title":{"rendered":"Nosotros Somos La Academia de Sue\u00f1os"},"content":{"rendered":"<div class=\"custom-content-area clearfix\"><div class=\"one-half first image-area-left\"><div><img decoding=\"async\" src=\"https:\/\/svdreamacademy.org\/wp-content\/uploads\/2017\/09\/Our-Story-1.jpg\"><\/div><\/div><div class=\"one-half content-area-right\" data-aos=\"fade-up\" data-aos-duration=\"1500\" data-aos-easing=\"ease-in-out\" ><div class=\"img-content-title\"><h2><span>\u00c9sta es<\/span>Nuestra Historia<\/h2><\/div>La Academia de Sue\u00f1os del Valle de Salinas inici\u00f3 cuando un grupo de estudiantes de La Preparatoria Alisal decidieron formar parte de la historia y presenciar la inauguraci\u00f3n del primer presidente afroamericano de Estados Unidos, Barack Obama, en el 2009. Treinta y tres alumnos superaron las barreras al recaudar m\u00e1s de $ 60,000 en menos de cinco meses para hacer su sue\u00f1o realidad. Tras la asistencia de sesenta y seis estudiantes a la segunda inauguraci\u00f3n del presidente Barack Obama el 2013, y dado el impacto dram\u00e1tico que tuvo en los estudiantes, La Academia de Sue\u00f1os evolucion\u00f3 en una organizaci\u00f3n de liderazgo juvenil sin fines de lucro que ahora transforma la vida de m\u00e1s de 100 estudiantes de la preparatoria cada a\u00f1o en el valle de Salinas.<\/div><\/div>\n<div class=\"custom-content-area reverse clearfix\"><div class=\"one-half image-area-right\"><div><img decoding=\"async\" src=\"https:\/\/svdreamacademy.org\/wp-content\/uploads\/2017\/09\/Our-Story-2.jpg\"><\/div><\/div><div class=\"one-half content-area-left\" data-aos=\"fade-up\" data-aos-duration=\"1000\" data-aos-easing=\"ease-in-out\" ><div class=\"img-content-title\"><h2><span>\u00bfPor qu\u00e9 existe<\/span>La Academia de Sue\u00f1os?<\/h2><\/div>Salinas es una ciudad culturalmente vibrante conocida por su legado literario y por ser el lugar de nacimiento del autor John Steinbeck. En un momento, Salinas compet\u00eda con San Francisco como un centro econ\u00f3mico y de comunicaci\u00f3n, hoy en d\u00eda Salinas es el epicentro de la industria de la cosecha de lechuga de California. La edad media de Salinas es de 29.7 a\u00f1os y aproximadamente un 75% de la poblaci\u00f3n es Latina. La mayor\u00eda del relativamente joven poblado es de una clase de inmigrantes trabajadores que han superado grandes obst\u00e1culos en conseguir una mejor vida. \u00a1La determinaci\u00f3n y perseverancia de nuestra comunidad es verdaderamente impresionante!<\/div><\/div>\n<div class=\"custom-content-area clearfix\"><div class=\"one-half first image-area-left\"><div><img decoding=\"async\" src=\"https:\/\/svdreamacademy.org\/wp-content\/uploads\/2017\/09\/Our-Story-3.jpg\"><\/div><\/div><div class=\"one-half content-area-right\" data-aos=\"fade-up\" data-aos-duration=\"1500\" data-aos-easing=\"ease-in-out\" >A pesar de sus residentes vibrantes y creencias tradicionales en los valores familiares, Salinas tiene una notoriedad nacional por la violencia. Las tasas de crimen en Salinas est\u00e1n entre las m\u00e1s altas en California. En el 2015, un reporte por el Centro de P\u00f3liza de Violencia clasific\u00f3 a Salinas como la ciudad con el \u00edndice m\u00e1s alto de homicidio juvenil en California con el 82% de las v\u00edctimas siendo hispanos y 87% de los cr\u00edmenes relacionados a las pandillas. La comunidad del Este de Salinas, en particular, sufre un r\u00e9dito desproporcionado de violencia de pandillas y pobreza que causa tensiones entre la comunidad y las autoridades policiacas. La publicaci\u00f3n New York Times, public\u00f3 que \u201cLa gente de California por lo general conoce dos cosas de esta ciudad agr\u00edcola [Salinas] entre los campos de lechuga al este de las playas y hoteles de Monterey: John Steinbeck naci\u00f3 ah\u00ed y tiene un gran problema con las pandillas\u201d.<\/div><\/div>\n<div class=\"custom-content-area reverse clearfix\"><div class=\"one-half image-area-right\"><div><img decoding=\"async\" src=\"https:\/\/svdreamacademy.org\/wp-content\/uploads\/2017\/09\/Our-Story-4.jpg\"><\/div><\/div><div class=\"one-half content-area-left\" data-aos=\"fade-up\" data-aos-duration=\"1000\" data-aos-easing=\"ease-in-out\" >La poblaci\u00f3n de Salinas es de aproximadamente 160,000 habitantes y un 40% de ellos son residentes del Este de Salinas. Esta densidad se puede comparar a la de Calcutta, India. M\u00e1s de un cuarto de las personas en esta \u00e1rea de la ciudad viven bajo la l\u00ednea de pobreza federal. M\u00e1s de un 80% de estudiantes de la secundaria y preparatoria califican para el almuerzo gratis o reducido basado en los bajos ingresos de su familia. El porcentaje de adultos en el Este de Salinas tiene una educaci\u00f3n menos del nivel de preparatoria es casi cuatro veces m\u00e1s que el promedio en California. Aproximadamente, un 12% de los residentes de Salinas tienen una licenciatura o educaci\u00f3n superior en comparaci\u00f3n al porcentaje nacional de 30%.<\/div><\/div>\n<div class=\"custom-content-area clearfix\"><div class=\"one-half first image-area-left\"><div><img decoding=\"async\" src=\"https:\/\/svdreamacademy.org\/wp-content\/uploads\/2017\/09\/Our-Story-5.jpg\"><\/div><\/div><div class=\"one-half content-area-right\" data-aos=\"fade-up\" data-aos-duration=\"1500\" data-aos-easing=\"ease-in-out\" >En el 2014 la revista Forbes, clasific\u00f3 a la ciudad de Salinas como la segunda ciudad con menos estudio o educaci\u00f3n formal en el pa\u00eds. Ir\u00f3nicamente, a 30 minutos se encuentra la ciudad de Monterey, California que es una ciudad afluente donde se encuentran varias universidades postgrado prestigiosas. Por igual, la ciudad de San Jos\u00e9 que se encuentra a una hora, fue identificada como la s\u00e9ptima ciudad con m\u00e1s estudio o educaci\u00f3n formal en el pa\u00eds. Un estudio mundial por la organizaci\u00f3n UNICEF determin\u00f3 que la desigualdad educativa, un fen\u00f3meno presente en el Este de Salinas, aumenta los riesgos de conflictos en la comunidad a tres o cuatro veces m\u00e1s que lo normal. A\u00fan m\u00e1s, los padres son los primeros maestros de sus hijos, sin embargo m\u00e1s de la mitad de los residentes del Este de Salinas son trabajadores inmigrantes, muchos quienes llegaron a los Estados Unidos con una educaci\u00f3n formal limitada, se les dificulta guiar a sus hijos por el sistema educativo o apoyarlos con las tareas acad\u00e9micas.<\/div><\/div>\n<div class=\"custom-content-area clearfix reverse\"><div class=\"one-half image-area-right\"><div><img decoding=\"async\" src=\"https:\/\/svdreamacademy.org\/wp-content\/uploads\/2017\/09\/Our-Story-5.1.jpg\"><\/div><\/div><div class=\"one-half content-area-left\" data-aos=\"fade-up\" data-aos-duration=\"1500\" data-aos-easing=\"ease-in-out\" >La Academia de Sue\u00f1os se estableci\u00f3 para contrarrestar estos desaf\u00edos reales. La Academia de Sue\u00f1os se esfuerza para llenar los vac\u00edos que existen en el sistema educativo y brillar una luz hacia un camino de empoderamiento para nuestra juventud. La Academia de Sue\u00f1os provee a los j\u00f3venes con experiencias que pueden cambiar sus vidas mientras los expone a oportunidades que los equipar\u00e1 para mejorar sus circunstancias y los animar\u00e1 a contribuir a una comunidad vibrante.<\/div><\/div>\n<div class=\"custom-content-area clearfix \"><div class=\"one-half first image-area-left\"><div><img decoding=\"async\" src=\"https:\/\/svdreamacademy.org\/wp-content\/uploads\/2017\/09\/Our-Story-6.jpg\"><\/div><\/div><div class=\"one-half content-area-right\" data-aos=\"fade-up\" data-aos-duration=\"1500\" data-aos-easing=\"ease-in-out\" >La Academia de Sue\u00f1os cree que la juventud de Salinas se puede inspirar a so\u00f1ar y ser empoderada para actuar. Dentro de un ambiente de apoyo y edificante, los j\u00f3venes pueden lograr su potencial completo y estar conscientes de todas las posibilidades a su alcance. La Academia de Sue\u00f1os motiva a los j\u00f3venes por presentar ejemplos inspirantes de personas que han superado obst\u00e1culos grandes para lograr el \u00e9xito.  Guiamos y exponemos a los j\u00f3venes hacia los caminos de la educaci\u00f3n superior que les permitir\u00e1 quebrar el ciclo de la pobreza y vivir los sue\u00f1os que sus padres inmigrantes so\u00f1aron cuando llegaron a este pa\u00eds. Para provocar un cambio positivo en Salinas, la Academia de Sue\u00f1os provee las herramientas, conocimiento, y experiencias necesarias para que los j\u00f3venes logren una educaci\u00f3n avanzada y obtengan una calidad de vida superior para ellos y sus familias.<\/div><\/div>\n<div class=\"custom-content-area clearfix reverse\"><div class=\"one-half image-area-right\"><div><img decoding=\"async\" src=\"https:\/\/svdreamacademy.org\/wp-content\/uploads\/2017\/09\/Our-Story-7.jpg\"><\/div><\/div><div class=\"one-half content-area-left\" data-aos=\"fade-up\" data-aos-duration=\"1500\" data-aos-easing=\"ease-in-out\" ><div class=\"img-content-title\"><h2>Impacto<\/h2><\/div>La misi\u00f3n central de la Academia de Sue\u00f1os es inspirar, involucrar y empoderar a los estudiantes de la preparatoria para que se esfuercen por la educaci\u00f3n superior mientras se convierten en participantes activos y l\u00edderes de servicio en su comunidad. Como parte de la Academia, los estudiantes participan en las reuniones los s\u00e1bado en la Biblioteca C\u00e9sar Ch\u00e1vez, donde participan en actividades de liderazgo y de construcci\u00f3n de equipos, involucran a l\u00edderes comunitarios como parte de una serie de oradores din\u00e1micos, participan en numerosas actividades de servicio comunitario, visitan universidades y recaudan fondos para tomar un viaje educativo de fin de a\u00f1o a la Costa Este de los Estados Unidos.<\/div><\/div>\n<div class=\"custom-content-area clearfix \"><div class=\"one-half first image-area-left\"><div><img decoding=\"async\" src=\"https:\/\/svdreamacademy.org\/wp-content\/uploads\/2017\/09\/Our-Story-8.jpg\"><\/div><\/div><div class=\"one-half content-area-right\" data-aos=\"fade-up\" data-aos-duration=\"1500\" data-aos-easing=\"ease-in-out\" >A lo largo de los \u00faltimos a\u00f1os, adem\u00e1s de disfrutar de todas las incre\u00edbles atracciones tur\u00edsticas en Washington D.C., Nueva York y Boston, nuestros estudiantes han sido testigos de las tres \u00faltimas inauguraciones presidenciales, una sesi\u00f3n informativa dentro de la Casa Blanca de Obama y Naciones Unidas, visitado el Secretario de Defensa de Estados Unidos, Leon Panetta, dentro del Pent\u00e1gono, y experimentado tours de primera clase y paneles de estudiantes en las universidades de Harvard, Yale, Columbia, MIT, Georgetown, UC Berkeley, UC Santa Cruz, CSUMB, Santa Clara y Stanford.<\/div><\/div>\n<div class=\"custom-content-area clearfix reverse\"><div class=\"one-half image-area-right\"><div><img decoding=\"async\" src=\"https:\/\/svdreamacademy.org\/wp-content\/uploads\/2017\/09\/Our-Mission.jpg\"><\/div><\/div><div class=\"one-half content-area-left\" data-aos=\"fade-up\" data-aos-duration=\"1500\" data-aos-easing=\"ease-in-out\" ><div class=\"img-content-title\"><h2><span>Nuestra<\/span>Misi\u00f3n<\/h2><\/div>La Academia de Sue\u00f1os del Valle de Salinas inspira, involucra y empodera a los estudiantes de la preparatoria para que se esfuercen por la educaci\u00f3n superior mientras se convierten en participantes activos y l\u00edderes de servicio en su comunidad.<\/div><\/div>\n<div class=\"custom-content-area clearfix \"><div class=\"one-half first image-area-left\"><div><img decoding=\"async\" src=\"https:\/\/svdreamacademy.org\/wp-content\/uploads\/2017\/09\/Our-Vision.jpg\"><\/div><\/div><div class=\"one-half content-area-right\" data-aos=\"fade-up\" data-aos-duration=\"1500\" data-aos-easing=\"ease-in-out\" ><div class=\"img-content-title\"><h2><span>Nuestra<\/span>Visi\u00f3n<\/h2><\/div>La Academia de Sue\u00f1os prev\u00e9 una comunidad donde la juventud se inspira para so\u00f1ar y es empoderada para actuar.<\/div><\/div>\n","protected":false},"excerpt":{"rendered":"","protected":false},"author":1,"featured_media":0,"parent":0,"menu_order":0,"comment_status":"closed","ping_status":"closed","template":"","meta":{"_genesis_hide_title":false,"_genesis_hide_breadcrumbs":false,"_genesis_hide_singular_image":false,"_genesis_hide_footer_widgets":false,"_genesis_custom_body_class":"","_genesis_custom_post_class":"","_genesis_layout":"","footnotes":""},"class_list":{"0":"post-63","1":"page","2":"type-page","3":"status-publish","5":"entry"},"yoast_head":"<!-- This site is optimized with the Yoast SEO plugin v26.9 - https:\/\/yoast.com\/product\/yoast-seo-wordpress\/ -->\n<title>Nosotros Somos La Academia de Sue\u00f1os - Salinas Valley Dream Academy<\/title>\n<meta name=\"robots\" content=\"index, follow, max-snippet:-1, max-image-preview:large, max-video-preview:-1\" \/>\n<link rel=\"canonical\" href=\"https:\/\/svdreamacademy.org\/es\/nosotros-somos-la-academia-de-suenos\/\" \/>\n<meta property=\"og:locale\" content=\"es_ES\" \/>\n<meta property=\"og:type\" content=\"article\" \/>\n<meta property=\"og:title\" content=\"Nosotros Somos La Academia de Sue\u00f1os - Salinas Valley Dream Academy\" \/>\n<meta property=\"og:url\" content=\"https:\/\/svdreamacademy.org\/es\/nosotros-somos-la-academia-de-suenos\/\" \/>\n<meta property=\"og:site_name\" content=\"Salinas Valley Dream Academy\" \/>\n<meta property=\"article:publisher\" content=\"https:\/\/www.facebook.com\/SVDreamAcademy\/\" \/>\n<meta property=\"article:modified_time\" content=\"2017-11-09T18:45:17+00:00\" \/>\n<meta name=\"twitter:card\" content=\"summary_large_image\" \/>\n<meta name=\"twitter:site\" content=\"@1DreamAcademy\" \/>\n<meta name=\"twitter:label1\" content=\"Tiempo de lectura\" \/>\n\t<meta name=\"twitter:data1\" content=\"7 minutos\" \/>\n<script type=\"application\/ld+json\" class=\"yoast-schema-graph\">{\"@context\":\"https:\/\/schema.org\",\"@graph\":[{\"@type\":\"WebPage\",\"@id\":\"https:\/\/svdreamacademy.org\/es\/nosotros-somos-la-academia-de-suenos\/\",\"url\":\"https:\/\/svdreamacademy.org\/es\/nosotros-somos-la-academia-de-suenos\/\",\"name\":\"Nosotros Somos La Academia de Sue\u00f1os - Salinas Valley Dream Academy\",\"isPartOf\":{\"@id\":\"https:\/\/svdreamacademy.org\/#website\"},\"datePublished\":\"2017-09-23T16:39:57+00:00\",\"dateModified\":\"2017-11-09T18:45:17+00:00\",\"breadcrumb\":{\"@id\":\"https:\/\/svdreamacademy.org\/es\/nosotros-somos-la-academia-de-suenos\/#breadcrumb\"},\"inLanguage\":\"es\",\"potentialAction\":[{\"@type\":\"ReadAction\",\"target\":[\"https:\/\/svdreamacademy.org\/es\/nosotros-somos-la-academia-de-suenos\/\"]}]},{\"@type\":\"BreadcrumbList\",\"@id\":\"https:\/\/svdreamacademy.org\/es\/nosotros-somos-la-academia-de-suenos\/#breadcrumb\",\"itemListElement\":[{\"@type\":\"ListItem\",\"position\":1,\"name\":\"Home\",\"item\":\"https:\/\/svdreamacademy.org\/\"},{\"@type\":\"ListItem\",\"position\":2,\"name\":\"Nosotros Somos La Academia de Sue\u00f1os\"}]},{\"@type\":\"WebSite\",\"@id\":\"https:\/\/svdreamacademy.org\/#website\",\"url\":\"https:\/\/svdreamacademy.org\/\",\"name\":\"Salinas Valley Dream Academy\",\"description\":\"Te Inspiras. Te Involucras. Te empoderas.\",\"publisher\":{\"@id\":\"https:\/\/svdreamacademy.org\/#organization\"},\"potentialAction\":[{\"@type\":\"SearchAction\",\"target\":{\"@type\":\"EntryPoint\",\"urlTemplate\":\"https:\/\/svdreamacademy.org\/?s={search_term_string}\"},\"query-input\":{\"@type\":\"PropertyValueSpecification\",\"valueRequired\":true,\"valueName\":\"search_term_string\"}}],\"inLanguage\":\"es\"},{\"@type\":\"Organization\",\"@id\":\"https:\/\/svdreamacademy.org\/#organization\",\"name\":\"Salinas Valley Dream Academy\",\"url\":\"https:\/\/svdreamacademy.org\/\",\"logo\":{\"@type\":\"ImageObject\",\"inLanguage\":\"es\",\"@id\":\"https:\/\/svdreamacademy.org\/#\/schema\/logo\/image\/\",\"url\":\"https:\/\/svdreamacademy.org\/wp-content\/uploads\/2017\/11\/svda-logo.jpg\",\"contentUrl\":\"https:\/\/svdreamacademy.org\/wp-content\/uploads\/2017\/11\/svda-logo.jpg\",\"width\":512,\"height\":512,\"caption\":\"Salinas Valley Dream Academy\"},\"image\":{\"@id\":\"https:\/\/svdreamacademy.org\/#\/schema\/logo\/image\/\"},\"sameAs\":[\"https:\/\/www.facebook.com\/SVDreamAcademy\/\",\"https:\/\/x.com\/1DreamAcademy\",\"https:\/\/www.instagram.com\/1dreamacademy\/\"]}]}<\/script>\n<!-- \/ Yoast SEO plugin. -->","yoast_head_json":{"title":"Nosotros Somos La Academia de Sue\u00f1os - Salinas Valley Dream Academy","robots":{"index":"index","follow":"follow","max-snippet":"max-snippet:-1","max-image-preview":"max-image-preview:large","max-video-preview":"max-video-preview:-1"},"canonical":"https:\/\/svdreamacademy.org\/es\/nosotros-somos-la-academia-de-suenos\/","og_locale":"es_ES","og_type":"article","og_title":"Nosotros Somos La Academia de Sue\u00f1os - Salinas Valley Dream Academy","og_url":"https:\/\/svdreamacademy.org\/es\/nosotros-somos-la-academia-de-suenos\/","og_site_name":"Salinas Valley Dream Academy","article_publisher":"https:\/\/www.facebook.com\/SVDreamAcademy\/","article_modified_time":"2017-11-09T18:45:17+00:00","twitter_card":"summary_large_image","twitter_site":"@1DreamAcademy","twitter_misc":{"Tiempo de lectura":"7 minutos"},"schema":{"@context":"https:\/\/schema.org","@graph":[{"@type":"WebPage","@id":"https:\/\/svdreamacademy.org\/es\/nosotros-somos-la-academia-de-suenos\/","url":"https:\/\/svdreamacademy.org\/es\/nosotros-somos-la-academia-de-suenos\/","name":"Nosotros Somos La Academia de Sue\u00f1os - Salinas Valley Dream Academy","isPartOf":{"@id":"https:\/\/svdreamacademy.org\/#website"},"datePublished":"2017-09-23T16:39:57+00:00","dateModified":"2017-11-09T18:45:17+00:00","breadcrumb":{"@id":"https:\/\/svdreamacademy.org\/es\/nosotros-somos-la-academia-de-suenos\/#breadcrumb"},"inLanguage":"es","potentialAction":[{"@type":"ReadAction","target":["https:\/\/svdreamacademy.org\/es\/nosotros-somos-la-academia-de-suenos\/"]}]},{"@type":"BreadcrumbList","@id":"https:\/\/svdreamacademy.org\/es\/nosotros-somos-la-academia-de-suenos\/#breadcrumb","itemListElement":[{"@type":"ListItem","position":1,"name":"Home","item":"https:\/\/svdreamacademy.org\/"},{"@type":"ListItem","position":2,"name":"Nosotros Somos La Academia de Sue\u00f1os"}]},{"@type":"WebSite","@id":"https:\/\/svdreamacademy.org\/#website","url":"https:\/\/svdreamacademy.org\/","name":"Salinas Valley Dream Academy","description":"Te Inspiras. Te Involucras. Te empoderas.","publisher":{"@id":"https:\/\/svdreamacademy.org\/#organization"},"potentialAction":[{"@type":"SearchAction","target":{"@type":"EntryPoint","urlTemplate":"https:\/\/svdreamacademy.org\/?s={search_term_string}"},"query-input":{"@type":"PropertyValueSpecification","valueRequired":true,"valueName":"search_term_string"}}],"inLanguage":"es"},{"@type":"Organization","@id":"https:\/\/svdreamacademy.org\/#organization","name":"Salinas Valley Dream Academy","url":"https:\/\/svdreamacademy.org\/","logo":{"@type":"ImageObject","inLanguage":"es","@id":"https:\/\/svdreamacademy.org\/#\/schema\/logo\/image\/","url":"https:\/\/svdreamacademy.org\/wp-content\/uploads\/2017\/11\/svda-logo.jpg","contentUrl":"https:\/\/svdreamacademy.org\/wp-content\/uploads\/2017\/11\/svda-logo.jpg","width":512,"height":512,"caption":"Salinas Valley Dream Academy"},"image":{"@id":"https:\/\/svdreamacademy.org\/#\/schema\/logo\/image\/"},"sameAs":["https:\/\/www.facebook.com\/SVDreamAcademy\/","https:\/\/x.com\/1DreamAcademy","https:\/\/www.instagram.com\/1dreamacademy\/"]}]}},"_links":{"self":[{"href":"https:\/\/svdreamacademy.org\/es\/wp-json\/wp\/v2\/pages\/63","targetHints":{"allow":["GET"]}}],"collection":[{"href":"https:\/\/svdreamacademy.org\/es\/wp-json\/wp\/v2\/pages"}],"about":[{"href":"https:\/\/svdreamacademy.org\/es\/wp-json\/wp\/v2\/types\/page"}],"author":[{"embeddable":true,"href":"https:\/\/svdreamacademy.org\/es\/wp-json\/wp\/v2\/users\/1"}],"replies":[{"embeddable":true,"href":"https:\/\/svdreamacademy.org\/es\/wp-json\/wp\/v2\/comments?post=63"}],"version-history":[{"count":0,"href":"https:\/\/svdreamacademy.org\/es\/wp-json\/wp\/v2\/pages\/63\/revisions"}],"wp:attachment":[{"href":"https:\/\/svdreamacademy.org\/es\/wp-json\/wp\/v2\/media?parent=63"}],"curies":[{"name":"wp","href":"https:\/\/api.w.org\/{rel}","templated":true}]}}