{"id":64,"date":"2017-09-23T22:06:06","date_gmt":"2017-09-23T22:06:06","guid":{"rendered":"https:\/\/svdreamacademy.org\/?page_id=64"},"modified":"2017-11-06T22:08:52","modified_gmt":"2017-11-06T22:08:52","slug":"en-las-noticias","status":"publish","type":"page","link":"https:\/\/svdreamacademy.org\/es\/en-las-noticias\/","title":{"rendered":"En las Noticias"},"content":{"rendered":"<div class=\"custom-content-area clearfix\"><div class=\"one-half first image-area-left\"><div><img decoding=\"async\" src=\"https:\/\/svdreamacademy.org\/wp-content\/uploads\/2017\/10\/in-the-news-7.jpg\"><\/div><\/div><div class=\"one-half content-area-right\" data-aos=\"fade-up\" data-aos-duration=\"1500\" data-aos-easing=\"ease-in-out\" ><a href=\"http:\/\/www.thecalifornian.com\/story\/news\/2017\/01\/13\/dream-academy-students-head-dc\/96518142\/\" target=\"_blank\" rel=\"noopener\">Los estudiantes de Salinas reflexionan sobre el liderazgo en D.C.<br \/>\n<strong>Salinas Californian, enero de 2017<\/strong><\/a><\/p>\n<p><a href=\"http:\/\/www.thecalifornian.com\/story\/news\/local\/2017\/01\/20\/dream-academy-students-watch\/96860020\/\" target=\"_blank\" rel=\"noopener\">Algunos estudiantes de la Academia de Sue\u00f1os no pudieron ver.<br \/>\n<strong>Salinas Californian, enero de 2017<\/strong><\/a><\/p>\n<p><a class=\"popup-video\" href=\"https:\/\/www.youtube.com\/watch?v=HZ6DJfWODMQ\" target=\"_blank\" rel=\"noopener\">Los estudiantes de la Academia de Sue\u00f1os en D.C. para la Inauguraci\u00f3n Presidencial.<br \/>\n<strong>Informe de KSBW TV, enero de 2017<\/strong><\/a><\/p>\n<p><a href=\"http:\/\/www.thecalifornian.com\/story\/news\/2017\/01\/24\/memorable-week-washington-dc\/97016498\/\" target=\"_blank\" rel=\"noopener\">Una semana memorable en Washington D.C.<br \/>\n<strong>Salinas Californian, enero de 2017<\/strong><\/a><\/div><\/div>\n<div class=\"custom-content-area reverse clearfix\"><div class=\"one-half image-area-right\"><div><img decoding=\"async\" src=\"https:\/\/svdreamacademy.org\/wp-content\/uploads\/2017\/10\/in-the-news-6.jpg\"><\/div><\/div><div class=\"one-half content-area-left\" data-aos=\"fade-up\" data-aos-duration=\"1000\" data-aos-easing=\"ease-in-out\" ><a href=\"https:\/\/www.usatoday.com\/story\/news\/2016\/11\/05\/youth-rally-if-youve-got-vote-use\/93368016\/\" target=\"_blank\" rel=\"noopener\">Manifestaci\u00f3n Juvenil: Si tienes un voto, \u00fasalo.<br \/>\n<strong>Salinas Californian, noviembre de 2016<\/strong><\/a><\/p>\n<p><a class=\"popup-video\" href=\"https:\/\/www.youtube.com\/watch?v=_sdBmbkH_cM\" target=\"_blank\" rel=\"noopener\">Salinas J\u00f3venes de Salinas organizan manifestaci\u00f3n pol\u00edtica antes de las elecciones de noviembre.<br \/>\n<strong>KSBW TV, noviembre de 2016<\/strong><\/a><\/p>\n<p><a href=\"https:\/\/www.usatoday.com\/story\/news\/2016\/11\/03\/salinas-youth-voting-power-change\/93270454\/\" target=\"_blank\" rel=\"noopener\">Juventud de Salinas: Votar es poder para cambiar.<br \/>\n<strong>Salinas Californian, noviembre de 2016<\/strong><\/a><\/div><\/div>\n<div class=\"custom-content-area clearfix\"><div class=\"one-half first image-area-left\"><div><img decoding=\"async\" src=\"https:\/\/svdreamacademy.org\/wp-content\/uploads\/2017\/10\/in-the-news-5.jpg\"><\/div><\/div><div class=\"one-half content-area-right\" data-aos=\"fade-up\" data-aos-duration=\"1500\" data-aos-easing=\"ease-in-out\" ><a href=\"http:\/\/www.montereycountyweekly.com\/blogs\/news_blog\/salinas-valley-dream-academy-launches-the-school-year-with-new\/article_9637c070-6d34-11e5-a345-ab614eba0fe5.html\" target=\"_blank\" rel=\"noopener\">Academia de Sue\u00f1os del Valle de Salinas lanza el a\u00f1o escolar con 100 nuevos miembros.<br \/>\n<strong>Monterey County Weekly, octubre de 2015<\/strong><\/a><\/p>\n<p><a href=\"http:\/\/www.montereyherald.com\/article\/NF\/20150727\/NEWS\/150729801\" target=\"_blank\" rel=\"noopener\">Academia de Sue\u00f1os del Valle de Salinas: Los estudiantes aprenden una lecci\u00f3n en los campos.<br \/>\n<strong>Monterey Herald, julio de 2015<\/strong><\/a><\/div><\/div>\n<div class=\"custom-content-area reverse clearfix\"><div class=\"one-half image-area-right\"><div><img decoding=\"async\" src=\"https:\/\/svdreamacademy.org\/wp-content\/uploads\/2017\/10\/in-the-news-4.jpg\"><\/div><\/div><div class=\"one-half content-area-left\" data-aos=\"fade-up\" data-aos-duration=\"1000\" data-aos-easing=\"ease-in-out\" ><a href=\"http:\/\/montereycountyschools.blogspot.com\/2015\/06\/salinas-valley-dream-academy-returns.html\" target=\"_blank\" rel=\"noopener\">Academia de Sue\u00f1os del Valle de Salinas vuelve de su gira de la Costa Este.<br \/>\n<strong>Monterey Herald Blog, junio de 2015<\/strong><\/a><\/p>\n<p><a href=\"http:\/\/www.thecalifornian.com\/story\/news\/columnists\/jeffmitchell\/2015\/05\/29\/build-tiny-houses-homeless\/28195665\/\" target=\"_blank\" rel=\"noopener\">Los estudiantes de la Academia de Sue\u00f1os salen pronto.<br \/>\n<strong>Salinas Californian, Articulo de Jeff Mitchell, may de 2015<\/strong><\/a><\/div><\/div>\n<div class=\"custom-content-area clearfix\"><div class=\"one-half first image-area-left\"><div><img decoding=\"async\" src=\"https:\/\/svdreamacademy.org\/wp-content\/uploads\/2017\/10\/in-the-news-3.jpg\"><\/div><\/div><div class=\"one-half content-area-right\" data-aos=\"fade-up\" data-aos-duration=\"1500\" data-aos-easing=\"ease-in-out\" ><a href=\"http:\/\/alisaltrojantribune.com\/867\/news\/dream-academy-making-dreams-come-true\/\" target=\"_blank\" rel=\"noopener\">Trojan Tribune: Academia de Sue\u00f1os haciendo realidad los sue\u00f1os.<br \/>\n<strong>Periodico de Alisal High School, mayo de 2015<\/strong><\/a><\/p>\n<p><a href=\"http:\/\/www.thecalifornian.com\/story\/news\/2014\/02\/07\/trip-deadline-nears-for-teens-\/5274431\/\" target=\"_blank\" rel=\"noopener\">La fecha l\u00edmite de viaje se acerca para los adolescentes.<br \/>\n<strong>Salinas Californian, febrero de 2014<\/strong><\/a><\/div><\/div>\n<div class=\"custom-content-area reverse clearfix\"><div class=\"one-half image-area-right\"><div><img decoding=\"async\" src=\"https:\/\/svdreamacademy.org\/wp-content\/uploads\/2017\/10\/in-the-news-2.jpg\"><\/div><\/div><div class=\"one-half content-area-left\" data-aos=\"fade-up\" data-aos-duration=\"1000\" data-aos-easing=\"ease-in-out\" ><a href=\"http:\/\/www.montereyherald.com\/article\/ZZ\/20140925\/NEWS\/140928948\" target=\"_blank\" rel=\"noopener\">Maestro de la Preparatoria Alisal es el h\u00e9roe de Hometown del Airshow. <strong>Monterey Herald, septiembre de 2014<\/strong><\/a><\/div><\/div>\n<div class=\"custom-content-area clearfix\"><div class=\"one-half first image-area-left\"><div><img decoding=\"async\" src=\"https:\/\/svdreamacademy.org\/wp-content\/uploads\/2017\/10\/in-the-news-1.jpg\"><\/div><\/div><div class=\"one-half content-area-right\" data-aos=\"fade-up\" data-aos-duration=\"1500\" data-aos-easing=\"ease-in-out\" ><a href=\"http:\/\/www.ksbw.com\/news\/central-california\/salinas\/Alisal-High-School-students-witness-history-in-D-C\/18216532\" target=\"_blank\" rel=\"noopener\">Los estudiantes de la preparatoria Alisal son testigos de la historia en Washington D.C. <strong>KSBW.com, enero de 2013<\/strong><\/a><\/div><\/div>\n","protected":false},"excerpt":{"rendered":"","protected":false},"author":1,"featured_media":0,"parent":0,"menu_order":0,"comment_status":"closed","ping_status":"closed","template":"","meta":{"_genesis_hide_title":false,"_genesis_hide_breadcrumbs":false,"_genesis_hide_singular_image":false,"_genesis_hide_footer_widgets":false,"_genesis_custom_body_class":"","_genesis_custom_post_class":"","_genesis_layout":"","footnotes":""},"class_list":{"0":"post-64","1":"page","2":"type-page","3":"status-publish","5":"entry"},"yoast_head":"<!-- This site is optimized with the Yoast SEO plugin v26.9 - https:\/\/yoast.com\/product\/yoast-seo-wordpress\/ -->\n<title>En las Noticias - Salinas Valley Dream Academy<\/title>\n<meta name=\"robots\" content=\"index, follow, max-snippet:-1, max-image-preview:large, max-video-preview:-1\" \/>\n<link rel=\"canonical\" href=\"https:\/\/svdreamacademy.org\/es\/en-las-noticias\/\" \/>\n<meta property=\"og:locale\" content=\"es_ES\" \/>\n<meta property=\"og:type\" content=\"article\" \/>\n<meta property=\"og:title\" content=\"En las Noticias - Salinas Valley Dream Academy\" \/>\n<meta property=\"og:url\" content=\"https:\/\/svdreamacademy.org\/es\/en-las-noticias\/\" \/>\n<meta property=\"og:site_name\" content=\"Salinas Valley Dream Academy\" \/>\n<meta property=\"article:publisher\" content=\"https:\/\/www.facebook.com\/SVDreamAcademy\/\" \/>\n<meta property=\"article:modified_time\" content=\"2017-11-06T22:08:52+00:00\" \/>\n<meta name=\"twitter:card\" content=\"summary_large_image\" \/>\n<meta name=\"twitter:site\" content=\"@1DreamAcademy\" \/>\n<meta name=\"twitter:label1\" content=\"Tiempo de lectura\" \/>\n\t<meta name=\"twitter:data1\" content=\"2 minutos\" \/>\n<script type=\"application\/ld+json\" class=\"yoast-schema-graph\">{\"@context\":\"https:\/\/schema.org\",\"@graph\":[{\"@type\":\"WebPage\",\"@id\":\"https:\/\/svdreamacademy.org\/es\/en-las-noticias\/\",\"url\":\"https:\/\/svdreamacademy.org\/es\/en-las-noticias\/\",\"name\":\"En las Noticias - Salinas Valley Dream Academy\",\"isPartOf\":{\"@id\":\"https:\/\/svdreamacademy.org\/#website\"},\"datePublished\":\"2017-09-23T22:06:06+00:00\",\"dateModified\":\"2017-11-06T22:08:52+00:00\",\"breadcrumb\":{\"@id\":\"https:\/\/svdreamacademy.org\/es\/en-las-noticias\/#breadcrumb\"},\"inLanguage\":\"es\",\"potentialAction\":[{\"@type\":\"ReadAction\",\"target\":[\"https:\/\/svdreamacademy.org\/es\/en-las-noticias\/\"]}]},{\"@type\":\"BreadcrumbList\",\"@id\":\"https:\/\/svdreamacademy.org\/es\/en-las-noticias\/#breadcrumb\",\"itemListElement\":[{\"@type\":\"ListItem\",\"position\":1,\"name\":\"Home\",\"item\":\"https:\/\/svdreamacademy.org\/\"},{\"@type\":\"ListItem\",\"position\":2,\"name\":\"En las Noticias\"}]},{\"@type\":\"WebSite\",\"@id\":\"https:\/\/svdreamacademy.org\/#website\",\"url\":\"https:\/\/svdreamacademy.org\/\",\"name\":\"Salinas Valley Dream Academy\",\"description\":\"Te Inspiras. Te Involucras. Te empoderas.\",\"publisher\":{\"@id\":\"https:\/\/svdreamacademy.org\/#organization\"},\"potentialAction\":[{\"@type\":\"SearchAction\",\"target\":{\"@type\":\"EntryPoint\",\"urlTemplate\":\"https:\/\/svdreamacademy.org\/?s={search_term_string}\"},\"query-input\":{\"@type\":\"PropertyValueSpecification\",\"valueRequired\":true,\"valueName\":\"search_term_string\"}}],\"inLanguage\":\"es\"},{\"@type\":\"Organization\",\"@id\":\"https:\/\/svdreamacademy.org\/#organization\",\"name\":\"Salinas Valley Dream Academy\",\"url\":\"https:\/\/svdreamacademy.org\/\",\"logo\":{\"@type\":\"ImageObject\",\"inLanguage\":\"es\",\"@id\":\"https:\/\/svdreamacademy.org\/#\/schema\/logo\/image\/\",\"url\":\"https:\/\/svdreamacademy.org\/wp-content\/uploads\/2017\/11\/svda-logo.jpg\",\"contentUrl\":\"https:\/\/svdreamacademy.org\/wp-content\/uploads\/2017\/11\/svda-logo.jpg\",\"width\":512,\"height\":512,\"caption\":\"Salinas Valley Dream Academy\"},\"image\":{\"@id\":\"https:\/\/svdreamacademy.org\/#\/schema\/logo\/image\/\"},\"sameAs\":[\"https:\/\/www.facebook.com\/SVDreamAcademy\/\",\"https:\/\/x.com\/1DreamAcademy\",\"https:\/\/www.instagram.com\/1dreamacademy\/\"]}]}<\/script>\n<!-- \/ Yoast SEO plugin. -->","yoast_head_json":{"title":"En las Noticias - Salinas Valley Dream Academy","robots":{"index":"index","follow":"follow","max-snippet":"max-snippet:-1","max-image-preview":"max-image-preview:large","max-video-preview":"max-video-preview:-1"},"canonical":"https:\/\/svdreamacademy.org\/es\/en-las-noticias\/","og_locale":"es_ES","og_type":"article","og_title":"En las Noticias - Salinas Valley Dream Academy","og_url":"https:\/\/svdreamacademy.org\/es\/en-las-noticias\/","og_site_name":"Salinas Valley Dream Academy","article_publisher":"https:\/\/www.facebook.com\/SVDreamAcademy\/","article_modified_time":"2017-11-06T22:08:52+00:00","twitter_card":"summary_large_image","twitter_site":"@1DreamAcademy","twitter_misc":{"Tiempo de lectura":"2 minutos"},"schema":{"@context":"https:\/\/schema.org","@graph":[{"@type":"WebPage","@id":"https:\/\/svdreamacademy.org\/es\/en-las-noticias\/","url":"https:\/\/svdreamacademy.org\/es\/en-las-noticias\/","name":"En las Noticias - Salinas Valley Dream Academy","isPartOf":{"@id":"https:\/\/svdreamacademy.org\/#website"},"datePublished":"2017-09-23T22:06:06+00:00","dateModified":"2017-11-06T22:08:52+00:00","breadcrumb":{"@id":"https:\/\/svdreamacademy.org\/es\/en-las-noticias\/#breadcrumb"},"inLanguage":"es","potentialAction":[{"@type":"ReadAction","target":["https:\/\/svdreamacademy.org\/es\/en-las-noticias\/"]}]},{"@type":"BreadcrumbList","@id":"https:\/\/svdreamacademy.org\/es\/en-las-noticias\/#breadcrumb","itemListElement":[{"@type":"ListItem","position":1,"name":"Home","item":"https:\/\/svdreamacademy.org\/"},{"@type":"ListItem","position":2,"name":"En las Noticias"}]},{"@type":"WebSite","@id":"https:\/\/svdreamacademy.org\/#website","url":"https:\/\/svdreamacademy.org\/","name":"Salinas Valley Dream Academy","description":"Te Inspiras. Te Involucras. Te empoderas.","publisher":{"@id":"https:\/\/svdreamacademy.org\/#organization"},"potentialAction":[{"@type":"SearchAction","target":{"@type":"EntryPoint","urlTemplate":"https:\/\/svdreamacademy.org\/?s={search_term_string}"},"query-input":{"@type":"PropertyValueSpecification","valueRequired":true,"valueName":"search_term_string"}}],"inLanguage":"es"},{"@type":"Organization","@id":"https:\/\/svdreamacademy.org\/#organization","name":"Salinas Valley Dream Academy","url":"https:\/\/svdreamacademy.org\/","logo":{"@type":"ImageObject","inLanguage":"es","@id":"https:\/\/svdreamacademy.org\/#\/schema\/logo\/image\/","url":"https:\/\/svdreamacademy.org\/wp-content\/uploads\/2017\/11\/svda-logo.jpg","contentUrl":"https:\/\/svdreamacademy.org\/wp-content\/uploads\/2017\/11\/svda-logo.jpg","width":512,"height":512,"caption":"Salinas Valley Dream Academy"},"image":{"@id":"https:\/\/svdreamacademy.org\/#\/schema\/logo\/image\/"},"sameAs":["https:\/\/www.facebook.com\/SVDreamAcademy\/","https:\/\/x.com\/1DreamAcademy","https:\/\/www.instagram.com\/1dreamacademy\/"]}]}},"_links":{"self":[{"href":"https:\/\/svdreamacademy.org\/es\/wp-json\/wp\/v2\/pages\/64","targetHints":{"allow":["GET"]}}],"collection":[{"href":"https:\/\/svdreamacademy.org\/es\/wp-json\/wp\/v2\/pages"}],"about":[{"href":"https:\/\/svdreamacademy.org\/es\/wp-json\/wp\/v2\/types\/page"}],"author":[{"embeddable":true,"href":"https:\/\/svdreamacademy.org\/es\/wp-json\/wp\/v2\/users\/1"}],"replies":[{"embeddable":true,"href":"https:\/\/svdreamacademy.org\/es\/wp-json\/wp\/v2\/comments?post=64"}],"version-history":[{"count":0,"href":"https:\/\/svdreamacademy.org\/es\/wp-json\/wp\/v2\/pages\/64\/revisions"}],"wp:attachment":[{"href":"https:\/\/svdreamacademy.org\/es\/wp-json\/wp\/v2\/media?parent=64"}],"curies":[{"name":"wp","href":"https:\/\/api.w.org\/{rel}","templated":true}]}}