{"id":65,"date":"2017-09-23T22:07:11","date_gmt":"2017-09-24T05:07:11","guid":{"rendered":"https:\/\/svdreamacademy.org\/?page_id=65"},"modified":"2025-10-21T09:40:47","modified_gmt":"2025-10-21T16:40:47","slug":"aplica-ahora","status":"publish","type":"page","link":"https:\/\/svdreamacademy.org\/es\/aplica-ahora\/","title":{"rendered":"Aplica Ahora"},"content":{"rendered":"<div class=\" apply-grid clearfix explode-width\"><div class=\"wrap\"><div class=\"one-half svda-left\" data-aos=\"fade-up\" data-aos-duration=\"1000\" data-aos-easing=\"ease-in-out\" data-aos-delay=\"200\" ><div class=\"apply-content\"><\/p>\n<h1>Un mensaje para nuestra comunidad<\/h1>\n<p>Durante los \u00faltimos 12 a\u00f1os, ha sido un honor servir e impactar positivamente la vida de estudiantes y familias del Valle de Salinas mediante el desarrollo de liderazgo, la preparaci\u00f3n universitaria y el servicio comunitario. Agradecemos profundamente la confianza, el entusiasmo y la colaboraci\u00f3n de estudiantes, madres y padres de familia, docentes, voluntariado y aliados.<\/p>\n<p><span style=\"color: #ff0000;\">Por el momento, <strong>Salinas Valley Dream Academy no abrir\u00e1 una cohorte para el ciclo escolar 2025\u201326<\/strong>.<\/span> Seguimos evaluando los pr\u00f3ximos pasos y compartiremos cualquier actualizaci\u00f3n sobre futuros programas <strong>en este sitio web<\/strong>. Si en alg\u00fan momento volvemos a aceptar solicitudes, aqu\u00ed publicaremos instrucciones claras y los plazos correspondientes.<\/p>\n<p>Gracias por su apoyo continuo y por creer en el potencial de nuestra juventud. Ha sido un privilegio caminar junto a nuestra comunidad, y seguimos inspirados por los sue\u00f1os y la resiliencia de las y los estudiantes del Valle de Salinas. Para consultas generales, pueden escribirnos a <a href=\"mailto:ruben@svdreamacademy.org\">ruben@svdreamacademy.org<\/a>.<\/p>\n\n\n\n<p><\/div><\/div><div class=\"one-half svda-right\" data-aos=\"fade-up\" data-aos-duration=\"1000\" data-aos-easing=\"ease-in-out\" data-aos-delay=\"200\" ><div class=\"apply-content\"><\/p>\n\n<p><\/div><\/div><\/div><\/div>\n<div class=\"graybg apply-grid clearfix explode-width\"><div class=\"wrap\"><div class=\"step step-right\" data-aos=\"fade-left\" data-aos-duration=\"1000\" data-aos-easing=\"ease-in-out\">01<\/div><div class=\"one-half svda-right\" data-aos=\"fade-up\" data-aos-duration=\"1000\" data-aos-easing=\"ease-in-out\" data-aos-delay=\"200\" ><h2 class=\"apply-title\">Aplicar<\/h2><div class=\"apply-content\">El primer paso es completar una solicitud por internet (haciendo clic en el enlace de abajo).<\/p>\n<p><a href=\"https:\/\/forms.gle\/7xR6azArZtZR4EJ1A\" target=\"_blank\" rel=\"noopener noreferrer\">APLICACION &#8211; ACADEMIA DE SUE\u00d1OS<\/a><\/p>\n<p>\u00a1Nuestra nueva solicitud para 2025-2026 ya esta lista! \u00a1Ya puedes enviar tu solicitud!<\/p>\n<p>Inscribirse en la Academia de Sue\u00f1os es un proceso muy competitivo, por lo tanto, sea lo m\u00e1s genuino y transparente posible para que el comit\u00e9 de admisiones tenga una idea completa de qui\u00e9n eres tu y por qu\u00e9 debemos considerar aceptarte. Queremos que escribas desde tu coraz\u00f3n y compartas todo lo que te sientas c\u00f3modo compartiendo. No buscamos estudiantes perfectos, sino personas con actitudes positivas que est\u00e9n dispuestas a servir, crecer y viajar junto a los dem\u00e1s. Buscamos personas que sean due\u00f1as de sus errores y quieran mejorar a s\u00ed mismas y a su comunidad. Si ese eres tu- has venido al lugar correcto!<\/div><\/div><div class=\"one-half svda-left\" data-aos=\"fade-up\" data-aos-duration=\"1000\" data-aos-easing=\"ease-in-out\" data-aos-delay=\"200\" ><div class=\"apply-content\"><div class=\"apply-document doc-center\"><a target=\"_blank\" href=\"https:\/\/forms.gle\/7xR6azArZtZR4EJ1A\"><img decoding=\"async\" src=\"https:\/\/svdreamacademy.org\/wp-content\/themes\/svdreama\/images\/document.svg\" >Aplicaci\u00f3n en l\u00ednea<\/a><\/div><\/div><\/div><\/div><\/div>\n<div class=\"darkbg apply-grid clearfix explode-width\"><div class=\"wrap\"><div class=\"step step-left\" data-aos=\"fade-right\" data-aos-duration=\"1000\" data-aos-easing=\"ease-in-out\">02<\/div><div class=\"one-half svda-left\" data-aos=\"fade-up\" data-aos-duration=\"1000\" data-aos-easing=\"ease-in-out\" data-aos-delay=\"200\" ><h2 class=\"apply-title\">INSCRIBIRSE PARA RECIBIR RECORDATORIOS DE NUESTRA ACADEMIA<\/h2><div class=\"apply-content\">Una vez que haya aplicado, por favor, env\u00ede un TEXTO con este mensaje (<strong>@app25-26<\/strong>) a este n\u00famero de tel\u00e9fono (<strong>81010<\/strong>) tan pronto como sea posible. Tenga en cuenta que este es un c\u00f3digo diferente porque ya alcanzamos el l\u00edmite de 150 usuarios, pero ambos recibir\u00e1n los mismos mensajes. \u00a0Haga esto para registrarse para recibir mensajes de texto importantes relacionados con la Academia de Sue\u00f1os, incluyendo las fechas importantes y recordatorios.<\/p>\n<p>Si necesita comunicarse con el Director, el Sr. Pizarro, env\u00edele un correo electr\u00f3nico a ruben@svdreamacademy.org para asuntos importantes o ll\u00e1melo o env\u00edele un mensaje de texto al 831-229-7969 para preguntas r\u00e1pidas. NO le env\u00edes mensajes de texto usando la aplicaci\u00f3n Remind. \ud83d\ude42<\/p>\n<p>Recuerde tambi\u00e9n revisar tu correo electr\u00f3nico con frecuencia ya que recibir\u00e1 informaci\u00f3n sobre los pr\u00f3ximos pasos importantes en el proceso de tu solicitud.<\/div><\/div><div class=\"one-half svda-right\" data-aos=\"fade-up\" data-aos-duration=\"1000\" data-aos-easing=\"ease-in-out\" data-aos-delay=\"200\" ><div class=\"apply-content\"><img loading=\"lazy\" decoding=\"async\" class=\"alignnone wp-image-167\" src=\"https:\/\/svdreamacademy.org\/wp-content\/uploads\/2017\/09\/apply_step2_signup.jpg\" alt=\"Student Meetings\" width=\"480\" height=\"320\" \/><\/div><\/div><\/div><\/div>\n<p><div class=\" apply-grid clearfix explode-width\"><div class=\"wrap\"><div class=\"step step-right\" data-aos=\"fade-left\" data-aos-duration=\"1000\" data-aos-easing=\"ease-in-out\">03<\/div><div class=\"one-half svda-right\" data-aos=\"fade-up\" data-aos-duration=\"1000\" data-aos-easing=\"ease-in-out\" data-aos-delay=\"200\" ><h2 class=\"apply-title\">ENTREVISTA<\/h2><div class=\"apply-content\">En a\u00f1os anteriores, despu\u00e9s de que los estudiantes aplicaron en l\u00ednea, hemos podido entrevistar a cada uno de ellos. Sin embargo, este a\u00f1o podr\u00edamos o no entrevistar a todos los estudiantes. Ten en cuenta que podr\u00edamos tomar una decisi\u00f3n sobre tu solicitud basada en lo que escribas en tu solicitud en l\u00ednea. Por lo tanto, por favor s\u00e9 lo m\u00e1s detallado, honesto y transparente posible al aplicar para que podamos conocerte lo m\u00e1ximo posible.<br \/>\nSi tienes alguna pregunta o inquietud, puedes comunicarte con el Director de la Academia, el Sr. Rub\u00e9n Pizarro, en ruben@svdreamacademy.org o 831-229-7969.<span style=\"font-size: inherit;\"><\/div><\/div><div class=\"one-half svda-left\" data-aos=\"fade-up\" data-aos-duration=\"1000\" data-aos-easing=\"ease-in-out\" data-aos-delay=\"200\" ><div class=\"apply-content\"><\/span><img loading=\"lazy\" decoding=\"async\" class=\"alignnone wp-image-167\" style=\"font-size: inherit;\" src=\"https:\/\/svdreamacademy.org\/wp-content\/uploads\/2017\/09\/apply_step3_interview.jpg\" alt=\"Student Meetings\" width=\"480\" height=\"320\" \/><span style=\"font-size: inherit;\"><\/div><\/div><\/div><\/div><\/span><\/p>\n<p><div class=\"graybg apply-grid clearfix explode-width\"><div class=\"wrap\"><div class=\"step step-left\" data-aos=\"fade-right\" data-aos-duration=\"1000\" data-aos-easing=\"ease-in-out\">04<\/div><div class=\"one-half svda-left\" data-aos=\"fade-up\" data-aos-duration=\"1000\" data-aos-easing=\"ease-in-out\" data-aos-delay=\"200\" ><h2 class=\"apply-title\">COMPLETE LOS DOCUMENTOS REQUERIDOS<\/h2><div class=\"apply-content\">Poco despu\u00e9s de completar tu aplicaci\u00f3n, se te notificar\u00e1 si ha sido aceptado a la Academia de Sue\u00f1os. Si ha sido aceptado, deber\u00e1s devolver los tres documentos requeridos que se incluyen a continuaci\u00f3n tan pronto como sea posible para inscribirse oficialmente. Tambi\u00e9n te vamos a mandar un correo electr\u00f3nico para que nos provees una foto de tu tarjeta de salud medical.<\/p>\n<p><span style=\"font-weight: 400;\"><\/div><\/div><div class=\"one-half svda-right\" data-aos=\"fade-up\" data-aos-duration=\"1000\" data-aos-easing=\"ease-in-out\" data-aos-delay=\"200\" ><div class=\"apply-content\"><\/span><\/p>\n<p><span style=\"font-weight: 400;\"><div class=\"one-half first\"><div class=\"apply-document \"><a target=\"_blank\" href=\"https:\/\/svdreamacademy.org\/wp-content\/uploads\/2025\/05\/Spanish-Contract-SVDA-2025-26.pdf\"><img decoding=\"async\" src=\"https:\/\/svdreamacademy.org\/wp-content\/themes\/svdreama\/images\/document.svg\" >Contrato de Estudiante y Padre<br \/>Espa\u00f1ol<\/a><\/div><\/div><div class=\"one-half\"><div class=\"apply-document \"><a target=\"_blank\" href=\"https:\/\/svdreamacademy.org\/wp-content\/uploads\/2025\/05\/Contract-SVDA-2025-26-2.pdf\"><img decoding=\"async\" src=\"https:\/\/svdreamacademy.org\/wp-content\/themes\/svdreama\/images\/document.svg\" >Contrato de Estudiante y Padre<br \/>Ingl\u00e9s<\/a><\/div><\/div><\/span><\/p>\n<p><span style=\"font-weight: 400;\"><div class=\"one-half first\"><div class=\"apply-document \"><a target=\"_blank\" href=\"https:\/\/svdreamacademy.org\/wp-content\/uploads\/2025\/05\/Hold-Harmles-Agreement-2025-26-Spanish.pdf\"><img decoding=\"async\" src=\"https:\/\/svdreamacademy.org\/wp-content\/themes\/svdreama\/images\/document.svg\" >Acuerdo Eximente<br \/>Espa\u00f1ol<\/a><\/div><\/div><div class=\"one-half\"><div class=\"apply-document \"><a target=\"_blank\" href=\"https:\/\/svdreamacademy.org\/wp-content\/uploads\/2025\/05\/Hold-Harmless-Agreement-SVDA-2025-26.pdf\"><img decoding=\"async\" src=\"https:\/\/svdreamacademy.org\/wp-content\/themes\/svdreama\/images\/document.svg\" >Acuerdo Eximente<br \/>Ingl\u00e9s<\/a><\/div><\/div><\/span><\/p>\n<p><span style=\"font-weight: 400;\"><div class=\"one-half first\"><div class=\"apply-document \"><a target=\"_blank\" href=\"https:\/\/svdreamacademy.org\/wp-content\/uploads\/2017\/09\/Medical-Authorization-Release-Form-Dream-Academy-2.pdf\"><img decoding=\"async\" src=\"https:\/\/svdreamacademy.org\/wp-content\/themes\/svdreama\/images\/document.svg\" >Formulario de Autorizaci\u00f3n M\u00e9dica<br \/>Espa\u00f1ol<\/a><\/div><\/div><div class=\"one-half\"><div class=\"apply-document \"><a target=\"_blank\" href=\"https:\/\/svdreamacademy.org\/wp-content\/uploads\/2017\/09\/Medical-Authorization-Release-Form-Dream-Academy-2.pdf\"><img decoding=\"async\" src=\"https:\/\/svdreamacademy.org\/wp-content\/themes\/svdreama\/images\/document.svg\" >Formulario de Autorizaci\u00f3n M\u00e9dica<br \/>Ingl\u00e9s<\/a><\/div><\/div><\/span><\/p>\n<p><span style=\"font-weight: 400;\"><\/div><\/div><\/div><\/div><\/span><\/p>\n<div class=\"darkbg apply-grid clearfix explode-width\"><div class=\"wrap\"><div class=\"step step-right\" data-aos=\"fade-left\" data-aos-duration=\"1000\" data-aos-easing=\"ease-in-out\">05<\/div><div class=\"one-half svda-right\" data-aos=\"fade-up\" data-aos-duration=\"1000\" data-aos-easing=\"ease-in-out\" data-aos-delay=\"200\" ><h2 class=\"apply-title\">PAGAR LA CUOTA DE INSCRIPCI\u00d3N ($70)<\/h2><div class=\"apply-content\">Una vez que hayas sido aceptado y enviado todos los documentos requeridos, debes pagar una cuota de inscripci\u00f3n de $70 a la Academia. T<span style=\"font-weight: 400;\">endras que pagar esa tarifa mediante Zelle (el sistema de transferencia electr\u00f3nica del banco). Los $70 se pueden mandar mediante Zelle enviando los a <strong>ruben@svdreamacademy.org <\/strong>dentro del app or dentro del sitio de internet de su banco. <span style=\"text-decoration: underline;\">Incluya tu NOMBRE COMPLETO en la nota al momento de hacer tu pago de Zelle para que podamos acreditar el pago correctamente.<\/span><\/span><\/p>\n<p><span style=\"font-weight: 400;\">Este dinero se depositara directamente en la cuenta bancaria de la Academia de Sue\u00f1os y se usara <\/span>para pagar una peque\u00f1a porci\u00f3n de los gastos de transporte que La Academia de Sue\u00f1os incurre al llevar a los estudiantes a las visitas universitarias y a las excursiones aparte de otros gastos.<\/div><\/div><div class=\"one-half svda-left\" data-aos=\"fade-up\" data-aos-duration=\"1000\" data-aos-easing=\"ease-in-out\" data-aos-delay=\"200\" ><div class=\"apply-content\"><img loading=\"lazy\" decoding=\"async\" class=\"alignnone wp-image-167\" src=\"https:\/\/svdreamacademy.org\/wp-content\/uploads\/2017\/09\/apply_step5_enrollment.jpg\" alt=\"Student Meetings\" width=\"480\" height=\"320\" \/><\/div><\/div><\/div><\/div>\n<div class=\" apply-grid clearfix explode-width\"><div class=\"wrap\"><div class=\"step step-left\" data-aos=\"fade-right\" data-aos-duration=\"1000\" data-aos-easing=\"ease-in-out\">06<\/div><div class=\"one-half svda-left\" data-aos=\"fade-up\" data-aos-duration=\"1000\" data-aos-easing=\"ease-in-out\" data-aos-delay=\"200\" ><h2 class=\"apply-title\">PAGO DEL DEP\u00d3SITO<\/h2><div class=\"apply-content\">Una vez que haya completado todos los pasos anteriores, debe pagar un dep\u00f3sito directamente a la agencia de viajes usando el ENLACE DE INSCRIPCION. Las instrucciones de c\u00f3mo hacerlo y el enlace de inscripci\u00f3n se enviar\u00e1n por correo electr\u00f3nico una vez que hayas completado todos los pasos anteriores. Si tienes preguntas o inquietudes sobre el dep\u00f3sito, debes ponerte en contacto con un l\u00edder de equipo o con el Director de la Academia antes de hacer tu pago.<\/p>\n<p>Como dice el contrato, el pago de su dep\u00f3sito y todos sus pagos mensuales <strong>no son reembolsables<\/strong> porque (entre otras cosas) el precio del viaje se basa en el n\u00famero total de estudiantes que van a viajar.<\/div><\/div><div class=\"one-half svda-right\" data-aos=\"fade-up\" data-aos-duration=\"1000\" data-aos-easing=\"ease-in-out\" data-aos-delay=\"200\" ><div class=\"apply-content\"><img loading=\"lazy\" decoding=\"async\" class=\"alignnone wp-image-167\" src=\"https:\/\/svdreamacademy.org\/wp-content\/uploads\/2017\/09\/apply_step6_deposit.jpg\" alt=\"Student Meetings\" width=\"480\" height=\"320\" \/><\/div><\/div><\/div><\/div>\n<div class=\"graybg apply-grid clearfix explode-width\"><div class=\"wrap\"><div class=\"one-half svda-right\" data-aos=\"fade-up\" data-aos-duration=\"1000\" data-aos-easing=\"ease-in-out\" data-aos-delay=\"200\" ><div class=\"apply-content\">P\u00f3ngase en contacto con el Director de la Academia, Sr. Rub\u00e9n Pizarro, en <strong>ruben@svdreamacademy.org<\/strong> o <strong>831-229-7969<\/strong>, si tiene alguna pregunta o inquietud. <strong>\u00a1Se anima a que soliciten los estudiantes indocumentados!<\/strong><\/p>\n<p>\u00a1Aseg\u00farese de aprovechar esta oportunidad que cambiara su vida! \u00a1Esperamos con inter\u00e9s revisar su aplicaci\u00f3n, conocerle mejor y crecer juntos como una familia de La Academia de Sue\u00f1os!<\/p>\n<p>\u00a1Gracias!<\/div><\/div><div class=\"one-half svda-left\" data-aos=\"fade-up\" data-aos-duration=\"1000\" data-aos-easing=\"ease-in-out\" data-aos-delay=\"200\" ><div class=\"apply-content\"><img loading=\"lazy\" decoding=\"async\" class=\"alignnone wp-image-167\" src=\"https:\/\/svdreamacademy.org\/wp-content\/uploads\/2017\/09\/apply_bottom.jpg\" alt=\"Student Meetings\" width=\"480\" height=\"320\" \/><\/div><\/div><\/div><\/div>","protected":false},"excerpt":{"rendered":"","protected":false},"author":1,"featured_media":0,"parent":0,"menu_order":0,"comment_status":"closed","ping_status":"closed","template":"","meta":{"_genesis_hide_title":false,"_genesis_hide_breadcrumbs":false,"_genesis_hide_singular_image":false,"_genesis_hide_footer_widgets":false,"_genesis_custom_body_class":"","_genesis_custom_post_class":"","_genesis_layout":"","footnotes":""},"class_list":{"0":"post-65","1":"page","2":"type-page","3":"status-publish","5":"entry"},"yoast_head":"<!-- This site is optimized with the Yoast SEO plugin v26.9 - https:\/\/yoast.com\/product\/yoast-seo-wordpress\/ -->\n<title>Aplica Ahora - Salinas Valley Dream Academy<\/title>\n<meta name=\"robots\" content=\"index, follow, max-snippet:-1, max-image-preview:large, max-video-preview:-1\" \/>\n<link rel=\"canonical\" href=\"https:\/\/svdreamacademy.org\/es\/aplica-ahora\/\" \/>\n<meta property=\"og:locale\" content=\"es_ES\" \/>\n<meta property=\"og:type\" content=\"article\" \/>\n<meta property=\"og:title\" content=\"Aplica Ahora - Salinas Valley Dream Academy\" \/>\n<meta property=\"og:url\" content=\"https:\/\/svdreamacademy.org\/es\/aplica-ahora\/\" \/>\n<meta property=\"og:site_name\" content=\"Salinas Valley Dream Academy\" \/>\n<meta property=\"article:publisher\" content=\"https:\/\/www.facebook.com\/SVDreamAcademy\/\" \/>\n<meta property=\"article:modified_time\" content=\"2025-10-21T16:40:47+00:00\" \/>\n<meta property=\"og:image\" content=\"https:\/\/svdreamacademy.org\/wp-content\/uploads\/2017\/09\/apply_step2_signup.jpg\" \/>\n<meta name=\"twitter:card\" content=\"summary_large_image\" \/>\n<meta name=\"twitter:site\" content=\"@1DreamAcademy\" \/>\n<meta name=\"twitter:label1\" content=\"Tiempo de lectura\" \/>\n\t<meta name=\"twitter:data1\" content=\"6 minutos\" \/>\n<script type=\"application\/ld+json\" class=\"yoast-schema-graph\">{\"@context\":\"https:\/\/schema.org\",\"@graph\":[{\"@type\":\"WebPage\",\"@id\":\"https:\/\/svdreamacademy.org\/es\/aplica-ahora\/\",\"url\":\"https:\/\/svdreamacademy.org\/es\/aplica-ahora\/\",\"name\":\"Aplica Ahora - Salinas Valley Dream Academy\",\"isPartOf\":{\"@id\":\"https:\/\/svdreamacademy.org\/#website\"},\"primaryImageOfPage\":{\"@id\":\"https:\/\/svdreamacademy.org\/es\/aplica-ahora\/#primaryimage\"},\"image\":{\"@id\":\"https:\/\/svdreamacademy.org\/es\/aplica-ahora\/#primaryimage\"},\"thumbnailUrl\":\"https:\/\/svdreamacademy.org\/wp-content\/uploads\/2017\/09\/apply_step2_signup.jpg\",\"datePublished\":\"2017-09-24T05:07:11+00:00\",\"dateModified\":\"2025-10-21T16:40:47+00:00\",\"breadcrumb\":{\"@id\":\"https:\/\/svdreamacademy.org\/es\/aplica-ahora\/#breadcrumb\"},\"inLanguage\":\"es\",\"potentialAction\":[{\"@type\":\"ReadAction\",\"target\":[\"https:\/\/svdreamacademy.org\/es\/aplica-ahora\/\"]}]},{\"@type\":\"ImageObject\",\"inLanguage\":\"es\",\"@id\":\"https:\/\/svdreamacademy.org\/es\/aplica-ahora\/#primaryimage\",\"url\":\"https:\/\/svdreamacademy.org\/wp-content\/uploads\/2017\/09\/apply_step2_signup.jpg\",\"contentUrl\":\"https:\/\/svdreamacademy.org\/wp-content\/uploads\/2017\/09\/apply_step2_signup.jpg\"},{\"@type\":\"BreadcrumbList\",\"@id\":\"https:\/\/svdreamacademy.org\/es\/aplica-ahora\/#breadcrumb\",\"itemListElement\":[{\"@type\":\"ListItem\",\"position\":1,\"name\":\"Home\",\"item\":\"https:\/\/svdreamacademy.org\/\"},{\"@type\":\"ListItem\",\"position\":2,\"name\":\"Aplica Ahora\"}]},{\"@type\":\"WebSite\",\"@id\":\"https:\/\/svdreamacademy.org\/#website\",\"url\":\"https:\/\/svdreamacademy.org\/\",\"name\":\"Salinas Valley Dream Academy\",\"description\":\"Te Inspiras. Te Involucras. Te empoderas.\",\"publisher\":{\"@id\":\"https:\/\/svdreamacademy.org\/#organization\"},\"potentialAction\":[{\"@type\":\"SearchAction\",\"target\":{\"@type\":\"EntryPoint\",\"urlTemplate\":\"https:\/\/svdreamacademy.org\/?s={search_term_string}\"},\"query-input\":{\"@type\":\"PropertyValueSpecification\",\"valueRequired\":true,\"valueName\":\"search_term_string\"}}],\"inLanguage\":\"es\"},{\"@type\":\"Organization\",\"@id\":\"https:\/\/svdreamacademy.org\/#organization\",\"name\":\"Salinas Valley Dream Academy\",\"url\":\"https:\/\/svdreamacademy.org\/\",\"logo\":{\"@type\":\"ImageObject\",\"inLanguage\":\"es\",\"@id\":\"https:\/\/svdreamacademy.org\/#\/schema\/logo\/image\/\",\"url\":\"https:\/\/svdreamacademy.org\/wp-content\/uploads\/2017\/11\/svda-logo.jpg\",\"contentUrl\":\"https:\/\/svdreamacademy.org\/wp-content\/uploads\/2017\/11\/svda-logo.jpg\",\"width\":512,\"height\":512,\"caption\":\"Salinas Valley Dream Academy\"},\"image\":{\"@id\":\"https:\/\/svdreamacademy.org\/#\/schema\/logo\/image\/\"},\"sameAs\":[\"https:\/\/www.facebook.com\/SVDreamAcademy\/\",\"https:\/\/x.com\/1DreamAcademy\",\"https:\/\/www.instagram.com\/1dreamacademy\/\"]}]}<\/script>\n<!-- \/ Yoast SEO plugin. -->","yoast_head_json":{"title":"Aplica Ahora - Salinas Valley Dream Academy","robots":{"index":"index","follow":"follow","max-snippet":"max-snippet:-1","max-image-preview":"max-image-preview:large","max-video-preview":"max-video-preview:-1"},"canonical":"https:\/\/svdreamacademy.org\/es\/aplica-ahora\/","og_locale":"es_ES","og_type":"article","og_title":"Aplica Ahora - Salinas Valley Dream Academy","og_url":"https:\/\/svdreamacademy.org\/es\/aplica-ahora\/","og_site_name":"Salinas Valley Dream Academy","article_publisher":"https:\/\/www.facebook.com\/SVDreamAcademy\/","article_modified_time":"2025-10-21T16:40:47+00:00","og_image":[{"url":"https:\/\/svdreamacademy.org\/wp-content\/uploads\/2017\/09\/apply_step2_signup.jpg","type":"","width":"","height":""}],"twitter_card":"summary_large_image","twitter_site":"@1DreamAcademy","twitter_misc":{"Tiempo de lectura":"6 minutos"},"schema":{"@context":"https:\/\/schema.org","@graph":[{"@type":"WebPage","@id":"https:\/\/svdreamacademy.org\/es\/aplica-ahora\/","url":"https:\/\/svdreamacademy.org\/es\/aplica-ahora\/","name":"Aplica Ahora - Salinas Valley Dream Academy","isPartOf":{"@id":"https:\/\/svdreamacademy.org\/#website"},"primaryImageOfPage":{"@id":"https:\/\/svdreamacademy.org\/es\/aplica-ahora\/#primaryimage"},"image":{"@id":"https:\/\/svdreamacademy.org\/es\/aplica-ahora\/#primaryimage"},"thumbnailUrl":"https:\/\/svdreamacademy.org\/wp-content\/uploads\/2017\/09\/apply_step2_signup.jpg","datePublished":"2017-09-24T05:07:11+00:00","dateModified":"2025-10-21T16:40:47+00:00","breadcrumb":{"@id":"https:\/\/svdreamacademy.org\/es\/aplica-ahora\/#breadcrumb"},"inLanguage":"es","potentialAction":[{"@type":"ReadAction","target":["https:\/\/svdreamacademy.org\/es\/aplica-ahora\/"]}]},{"@type":"ImageObject","inLanguage":"es","@id":"https:\/\/svdreamacademy.org\/es\/aplica-ahora\/#primaryimage","url":"https:\/\/svdreamacademy.org\/wp-content\/uploads\/2017\/09\/apply_step2_signup.jpg","contentUrl":"https:\/\/svdreamacademy.org\/wp-content\/uploads\/2017\/09\/apply_step2_signup.jpg"},{"@type":"BreadcrumbList","@id":"https:\/\/svdreamacademy.org\/es\/aplica-ahora\/#breadcrumb","itemListElement":[{"@type":"ListItem","position":1,"name":"Home","item":"https:\/\/svdreamacademy.org\/"},{"@type":"ListItem","position":2,"name":"Aplica Ahora"}]},{"@type":"WebSite","@id":"https:\/\/svdreamacademy.org\/#website","url":"https:\/\/svdreamacademy.org\/","name":"Salinas Valley Dream Academy","description":"Te Inspiras. Te Involucras. Te empoderas.","publisher":{"@id":"https:\/\/svdreamacademy.org\/#organization"},"potentialAction":[{"@type":"SearchAction","target":{"@type":"EntryPoint","urlTemplate":"https:\/\/svdreamacademy.org\/?s={search_term_string}"},"query-input":{"@type":"PropertyValueSpecification","valueRequired":true,"valueName":"search_term_string"}}],"inLanguage":"es"},{"@type":"Organization","@id":"https:\/\/svdreamacademy.org\/#organization","name":"Salinas Valley Dream Academy","url":"https:\/\/svdreamacademy.org\/","logo":{"@type":"ImageObject","inLanguage":"es","@id":"https:\/\/svdreamacademy.org\/#\/schema\/logo\/image\/","url":"https:\/\/svdreamacademy.org\/wp-content\/uploads\/2017\/11\/svda-logo.jpg","contentUrl":"https:\/\/svdreamacademy.org\/wp-content\/uploads\/2017\/11\/svda-logo.jpg","width":512,"height":512,"caption":"Salinas Valley Dream Academy"},"image":{"@id":"https:\/\/svdreamacademy.org\/#\/schema\/logo\/image\/"},"sameAs":["https:\/\/www.facebook.com\/SVDreamAcademy\/","https:\/\/x.com\/1DreamAcademy","https:\/\/www.instagram.com\/1dreamacademy\/"]}]}},"_links":{"self":[{"href":"https:\/\/svdreamacademy.org\/es\/wp-json\/wp\/v2\/pages\/65","targetHints":{"allow":["GET"]}}],"collection":[{"href":"https:\/\/svdreamacademy.org\/es\/wp-json\/wp\/v2\/pages"}],"about":[{"href":"https:\/\/svdreamacademy.org\/es\/wp-json\/wp\/v2\/types\/page"}],"author":[{"embeddable":true,"href":"https:\/\/svdreamacademy.org\/es\/wp-json\/wp\/v2\/users\/1"}],"replies":[{"embeddable":true,"href":"https:\/\/svdreamacademy.org\/es\/wp-json\/wp\/v2\/comments?post=65"}],"version-history":[{"count":0,"href":"https:\/\/svdreamacademy.org\/es\/wp-json\/wp\/v2\/pages\/65\/revisions"}],"wp:attachment":[{"href":"https:\/\/svdreamacademy.org\/es\/wp-json\/wp\/v2\/media?parent=65"}],"curies":[{"name":"wp","href":"https:\/\/api.w.org\/{rel}","templated":true}]}}